{"id":18727,"date":"2023-09-25T12:35:31","date_gmt":"2023-09-25T12:35:31","guid":{"rendered":"https:\/\/utbildning-service.smartretail.com\/?page_id=18727"},"modified":"2023-09-25T12:35:31","modified_gmt":"2023-09-25T12:35:31","slug":"demo-du-och-ditt-team","status":"publish","type":"page","link":"https:\/\/utbildning-service.smartretail.com\/?page_id=18727","title":{"rendered":"Demo &#8211; Du och ditt team"},"content":{"rendered":"<p><strong>V\u00e4lkommen till Smart Retail &#8211; Du och ditt TEAM! <\/strong>\ud83d\ude00<\/p>\n<hr \/>\n<p>H\u00e4r f\u00e5r du testa en kursmodul som handlar om sj\u00e4lvledarskap och teambuilding.<\/p>\n<p>Fr\u00e5gorna du kommer f\u00e5 besvarad i kursen \u00e4r:<\/p>\n<h3 class=\"wp-block-heading\">\u2714\ufe0f Vad f\u00e5r dig att k\u00e4nna trivsel och gl\u00e4dje i ditt arbete?<\/h3>\n<h3 class=\"wp-block-heading\">\u2714\ufe0f Har du och dina kollegor f\u00f6ruts\u00e4ttningar att st\u00e4rka varandra i arbetet?<\/h3>\n<h3 class=\"wp-block-heading\">\u2714\ufe0f Vad beh\u00f6ver du g\u00f6ra f\u00f6r att teamet ska st\u00e4rkas?<\/h3>\n<p>&nbsp;<\/p>\n<p>Allt du beh\u00f6ver g\u00f6ra \u00e4r att fylla i din mailadress och du f\u00e5r omedelbart tillg\u00e5ng till kursdelen.<\/p>\n<p>Bl\u00e4ddra fram till den \u00f6ppna kursmodulen-<strong><em> Du och ditt team<\/em><\/strong><\/p>\n<p><strong>Testa s\u00e5 m\u00e5nga g\u00e5nger du vill. Modulen ligger ute under en begr\u00e4nsad tid.<\/strong><\/p>\n<div class=\"\">Nyfiken p\u00e5 att veta mer om v\u00e5rt smarta l\u00e4romedel? Kontakta oss s\u00e5 skickar vi mer information. <a href=\"mailto:info@smartretail.com\">info@smartretail.com<\/a><\/div>\n","protected":false},"excerpt":{"rendered":"<p>V\u00e4lkommen till Smart Retail &#8211; Du och ditt TEAM! \ud83d\ude00 H\u00e4r f\u00e5r du testa en kursmodul som handlar om sj\u00e4lvledarskap och teambuilding. Fr\u00e5gorna du kommer f\u00e5 besvarad i kursen \u00e4r: \u2714\ufe0f Vad f\u00e5r dig att k\u00e4nna trivsel och gl\u00e4dje i ditt arbete? \u2714\ufe0f Har du och dina kollegor f\u00f6ruts\u00e4ttningar att st\u00e4rka varandra i arbetet? \u2714\ufe0f [&hellip;]<\/p>\n","protected":false},"author":14,"featured_media":0,"parent":0,"menu_order":0,"comment_status":"closed","ping_status":"closed","template":"template-demo-creation.php","meta":{"_acf_changed":false,"footnotes":""},"class_list":["post-18727","page","type-page","status-publish","hentry"],"acf":[],"_links":{"self":[{"href":"https:\/\/utbildning-service.smartretail.com\/index.php?rest_route=\/wp\/v2\/pages\/18727","targetHints":{"allow":["GET"]}}],"collection":[{"href":"https:\/\/utbildning-service.smartretail.com\/index.php?rest_route=\/wp\/v2\/pages"}],"about":[{"href":"https:\/\/utbildning-service.smartretail.com\/index.php?rest_route=\/wp\/v2\/types\/page"}],"author":[{"embeddable":true,"href":"https:\/\/utbildning-service.smartretail.com\/index.php?rest_route=\/wp\/v2\/users\/14"}],"replies":[{"embeddable":true,"href":"https:\/\/utbildning-service.smartretail.com\/index.php?rest_route=%2Fwp%2Fv2%2Fcomments&post=18727"}],"version-history":[{"count":1,"href":"https:\/\/utbildning-service.smartretail.com\/index.php?rest_route=\/wp\/v2\/pages\/18727\/revisions"}],"predecessor-version":[{"id":18728,"href":"https:\/\/utbildning-service.smartretail.com\/index.php?rest_route=\/wp\/v2\/pages\/18727\/revisions\/18728"}],"wp:attachment":[{"href":"https:\/\/utbildning-service.smartretail.com\/index.php?rest_route=%2Fwp%2Fv2%2Fmedia&parent=18727"}],"curies":[{"name":"wp","href":"https:\/\/api.w.org\/{rel}","templated":true}]}}